{"id":110,"date":"2017-03-30T20:31:43","date_gmt":"2017-03-30T20:31:43","guid":{"rendered":"http:\/\/pitagoras2.home.pl\/autoinstalator\/wordpress11\/?page_id=110"},"modified":"2025-03-31T09:32:29","modified_gmt":"2025-03-31T09:32:29","slug":"kontakt","status":"publish","type":"page","link":"https:\/\/stowarzyszenie-rozwienica.pl\/?page_id=110","title":{"rendered":"Kontakt"},"content":{"rendered":"<p>[et_pb_section fb_built=&#8221;1&#8243; admin_label=&#8221;section&#8221; _builder_version=&#8221;4.16&#8243; global_colors_info=&#8221;{}&#8221;][et_pb_row admin_label=&#8221;row&#8221; _builder_version=&#8221;4.16&#8243; background_size=&#8221;initial&#8221; background_position=&#8221;top_left&#8221; background_repeat=&#8221;repeat&#8221; global_colors_info=&#8221;{}&#8221; column_structure=&#8221;1_3,2_3&#8243;][et_pb_column type=&#8221;1_3&#8243; _builder_version=&#8221;4.16&#8243; custom_padding=&#8221;|||&#8221; global_colors_info=&#8221;{}&#8221; custom_padding__hover=&#8221;|||&#8221;][et_pb_image src=&#8221;http:\/\/pitagoras2.home.pl\/autoinstalator\/wordpress11\/wp-content\/uploads\/2017\/03\/logo2.jpg&#8221; align_tablet=&#8221;center&#8221; align_last_edited=&#8221;on|desktop&#8221; _builder_version=&#8221;4.16&#8243; animation_style=&#8221;fade&#8221; animation_duration=&#8221;500ms&#8221; use_border_color=&#8221;off&#8221; border_color=&#8221;#ffffff&#8221; border_style=&#8221;solid&#8221; animation=&#8221;fade_in&#8221; sticky=&#8221;off&#8221; always_center_on_mobile=&#8221;on&#8221; global_colors_info=&#8221;{}&#8221; align_phone=&#8221;center&#8221;][\/et_pb_image][\/et_pb_column][et_pb_column type=&#8221;2_3&#8243; _builder_version=&#8221;4.16&#8243; custom_padding=&#8221;|||&#8221; global_colors_info=&#8221;{}&#8221; custom_padding__hover=&#8221;|||&#8221;][et_pb_text _builder_version=&#8221;4.25.1&#8243; background_size=&#8221;initial&#8221; background_position=&#8221;top_left&#8221; background_repeat=&#8221;repeat&#8221; hover_enabled=&#8221;0&#8243; use_border_color=&#8221;off&#8221; global_colors_info=&#8221;{}&#8221; sticky_enabled=&#8221;0&#8243;]<\/p>\n<h1>Kontakt<\/h1>\n<p><span style=\"font-size: 14pt;\">Stowarzyszenie Na Rzecz Edukacji i Kultury Gminy Ro\u017awienica<\/span><br \/><span style=\"font-size: 14pt;\"> Ro\u017awienica 200<\/span><br \/><span style=\"font-size: 14pt;\"> 37 \u2013 565 Ro\u017awienica<\/span><\/p>\n<p>biuro@stowarzyszenie-rozwienica.pl<br \/><span style=\"font-size: 14pt;\"> Tel.: 572-560-472<\/span><\/p>\n<p>Inspektor danych osobowych:\u00a0 <a href=\"mailto:inspektorochronydanych@stowarzyszenie-rozwienica.pl\" target=\"_blank\" rel=\"noopener\">inspektorochronydanych@<wbr \/>stowarzyszenie-rozwienica.pl<\/a><\/p>\n<p>[\/et_pb_text][\/et_pb_column][\/et_pb_row][et_pb_row _builder_version=&#8221;4.16&#8243; background_size=&#8221;initial&#8221; background_position=&#8221;top_left&#8221; background_repeat=&#8221;repeat&#8221; global_colors_info=&#8221;{}&#8221;][et_pb_column type=&#8221;4_4&#8243; _builder_version=&#8221;4.16&#8243; custom_padding=&#8221;|||&#8221; global_colors_info=&#8221;{}&#8221; custom_padding__hover=&#8221;|||&#8221;][et_pb_map address=&#8221;Ro\u017awienica, Polska&#8221; zoom_level=&#8221;16&#8243; address_lat=&#8221;49.95152234428884&#8243; address_lng=&#8221;22.59969514952923&#8243; _builder_version=&#8221;4.16&#8243; global_colors_info=&#8221;{}&#8221;][et_pb_map_pin title=&#8221;Stowarzyszenie Na Rzecz Edukacji i Kultury Gminy Ro\u017awienica Ro\u017awienica&#8221; pin_address=&#8221;Ro\u017awienica 9, 37-565 Ro\u017awienica, Polska&#8221; pin_address_lat=&#8221;49.95253487723234&#8243; pin_address_lng=&#8221;22.598501566517598&#8243; _builder_version=&#8221;3.0.47&#8243; global_colors_info=&#8221;{}&#8221;]Stowarzyszenie Na Rzecz Edukacji i Kultury Gminy Ro\u017awienica[\/et_pb_map_pin][\/et_pb_map][\/et_pb_column][\/et_pb_row][\/et_pb_section]<\/p>\n","protected":false},"excerpt":{"rendered":"<p>Kontakt Stowarzyszenie Na Rzecz Edukacji i Kultury Gminy Ro\u017awienica Ro\u017awienica 200 37 \u2013 565 Ro\u017awienica biuro@stowarzyszenie-rozwienica.pl Tel.: 572-560-472 Inspektor danych osobowych:\u00a0 inspektorochronydanych@stowarzyszenie-rozwienica.plStowarzyszenie Na Rzecz Edukacji i Kultury Gminy Ro\u017awienica<\/p>\n","protected":false},"author":1,"featured_media":0,"parent":0,"menu_order":0,"comment_status":"closed","ping_status":"closed","template":"","meta":{"_et_pb_use_builder":"on","_et_pb_old_content":"","_et_gb_content_width":"","footnotes":""},"class_list":["post-110","page","type-page","status-publish","hentry"],"_links":{"self":[{"href":"https:\/\/stowarzyszenie-rozwienica.pl\/index.php?rest_route=\/wp\/v2\/pages\/110","targetHints":{"allow":["GET"]}}],"collection":[{"href":"https:\/\/stowarzyszenie-rozwienica.pl\/index.php?rest_route=\/wp\/v2\/pages"}],"about":[{"href":"https:\/\/stowarzyszenie-rozwienica.pl\/index.php?rest_route=\/wp\/v2\/types\/page"}],"author":[{"embeddable":true,"href":"https:\/\/stowarzyszenie-rozwienica.pl\/index.php?rest_route=\/wp\/v2\/users\/1"}],"replies":[{"embeddable":true,"href":"https:\/\/stowarzyszenie-rozwienica.pl\/index.php?rest_route=%2Fwp%2Fv2%2Fcomments&post=110"}],"version-history":[{"count":9,"href":"https:\/\/stowarzyszenie-rozwienica.pl\/index.php?rest_route=\/wp\/v2\/pages\/110\/revisions"}],"predecessor-version":[{"id":511,"href":"https:\/\/stowarzyszenie-rozwienica.pl\/index.php?rest_route=\/wp\/v2\/pages\/110\/revisions\/511"}],"wp:attachment":[{"href":"https:\/\/stowarzyszenie-rozwienica.pl\/index.php?rest_route=%2Fwp%2Fv2%2Fmedia&parent=110"}],"curies":[{"name":"wp","href":"https:\/\/api.w.org\/{rel}","templated":true}]}}