{"id":102,"date":"2017-03-30T20:30:20","date_gmt":"2017-03-30T20:30:20","guid":{"rendered":"http:\/\/pitagoras2.home.pl\/autoinstalator\/wordpress11\/?page_id=102"},"modified":"2018-05-15T12:13:23","modified_gmt":"2018-05-15T12:13:23","slug":"oddzialy","status":"publish","type":"page","link":"https:\/\/stowarzyszenie-rozwienica.pl\/?page_id=102","title":{"rendered":"Oddzia\u0142y"},"content":{"rendered":"<p>[et_pb_section bb_built=&#8221;1&#8243; admin_label=&#8221;section&#8221;][et_pb_row admin_label=&#8221;row&#8221;][et_pb_column type=&#8221;4_4&#8243;][et_pb_text admin_label=&#8221;Tekst&#8221; background_layout=&#8221;light&#8221; text_orientation=&#8221;left&#8221; use_border_color=&#8221;off&#8221; border_color=&#8221;#ffffff&#8221; border_style=&#8221;solid&#8221;]<\/p>\n<h1>Oddzia\u0142y<\/h1>\n<p><span class=\"text_exposed_show\" style=\"font-size: 12pt;\"><span style=\"font-size: 14pt;\">Na dzie\u0144 dzisiejszy funkcjonuje 12 oddzia\u0142\u00f3w przedszkolnych:<\/span><br \/>\n\u2022 Oddzia\u0142 przedszkolny nr 1 w Ro\u017awienicy (<a href=\"http:\/\/pitagoras2.home.pl\/autoinstalator\/wordpress11\/?page_id=131\">zobacz wi\u0119cej<\/a>)<br \/>\n\u2022 Oddzia\u0142 przedszkolny nr 2 w Ro\u017awienicy (<a href=\"http:\/\/pitagoras2.home.pl\/autoinstalator\/wordpress11\/?page_id=133\">zobacz wi\u0119cej<\/a>)<br \/>\n\u2022 Oddzia\u0142 przedszkolny nr 3 w Rudo\u0142owicach (<a href=\"http:\/\/pitagoras2.home.pl\/autoinstalator\/wordpress11\/?page_id=135\">zobacz wi\u0119cej<\/a>)<br \/>\n\u2022 Oddzia\u0142 przedszkolny nr 4 Rudo\u0142owicach (<a href=\"http:\/\/pitagoras2.home.pl\/autoinstalator\/wordpress11\/?page_id=137\">zobacz wi\u0119cej<\/a>)<br \/>\n\u2022 Oddzia\u0142 przedszkolny nr 5 w W\u0119gierce (<a href=\"http:\/\/pitagoras2.home.pl\/autoinstalator\/wordpress11\/?page_id=139\">zobacz wi\u0119cej<\/a>)<br \/>\n\u2022 Oddzia\u0142 przedszkolny nr 6 W\u0119gierce (<a href=\"http:\/\/pitagoras2.home.pl\/autoinstalator\/wordpress11\/?page_id=102\">zobacz wi\u0119cej<\/a>)<br \/>\n\u2022 Oddzia\u0142 przedszkolny nr 7 w Woli W\u0119gierskiej (<a href=\"http:\/\/pitagoras2.home.pl\/autoinstalator\/wordpress11\/?page_id=143\">zobacz wi\u0119cej<\/a>)<br \/>\n\u2022 Oddzia\u0142 przedszkolny nr 8 w Tyniowicach (<a href=\"http:\/\/pitagoras2.home.pl\/autoinstalator\/wordpress11\/?page_id=145\">zobacz wi\u0119cej<\/a>)<br \/>\n\u2022 Oddzia\u0142 przedszkolny nr 9 w Bystrowicach \/ Przedszkole Opieku\u0144cze (<a href=\"http:\/\/pitagoras2.home.pl\/autoinstalator\/wordpress11\/?page_id=147\">zobacz wi\u0119cej<\/a>)<br \/>\n\u2022 Oddzia\u0142 przedszkolny nr 10 w Cz\u0105stkowicach (<a href=\"http:\/\/pitagoras2.home.pl\/autoinstalator\/wordpress11\/?page_id=149\">zobacz wi\u0119cej<\/a>)<br \/>\n\u2022 Oddzia\u0142 przedszkolny nr 11 w Woli Ro\u017awienickiej (<a href=\"http:\/\/pitagoras2.home.pl\/autoinstalator\/wordpress11\/?page_id=152\">zobacz wi\u0119cej<\/a>)<br \/>\n<\/span><\/p>\n<p><span style=\"font-size: 12pt;\">\u2022\u00a0Spo\u0142eczna Szko\u0142a Podstawowa w Cz\u0105stkowicach\u00a0<\/span><br \/>\n<span style=\"font-size: 12pt;\">\u2022 Spo\u0142eczna Szko\u0142a Podstawowa w\u00a0Woli Ro\u017awienickiej\u00a0<\/span><\/p>\n<p>&nbsp;<\/p>\n<p>[\/et_pb_text][\/et_pb_column][\/et_pb_row][\/et_pb_section]<\/p>\n","protected":false},"excerpt":{"rendered":"<p>Oddzia\u0142y Na dzie\u0144 dzisiejszy funkcjonuje 12 oddzia\u0142\u00f3w przedszkolnych: \u2022 Oddzia\u0142 przedszkolny nr 1 w Ro\u017awienicy (zobacz wi\u0119cej) \u2022 Oddzia\u0142 przedszkolny nr 2 w Ro\u017awienicy (zobacz wi\u0119cej) \u2022 Oddzia\u0142 przedszkolny nr 3 w Rudo\u0142owicach (zobacz wi\u0119cej) \u2022 Oddzia\u0142 przedszkolny nr 4 Rudo\u0142owicach (zobacz wi\u0119cej) \u2022 Oddzia\u0142 przedszkolny nr 5 w W\u0119gierce (zobacz wi\u0119cej) \u2022 Oddzia\u0142 przedszkolny [&hellip;]<\/p>\n","protected":false},"author":1,"featured_media":0,"parent":0,"menu_order":0,"comment_status":"closed","ping_status":"closed","template":"","meta":{"_et_pb_use_builder":"on","_et_pb_old_content":"","_et_gb_content_width":"","footnotes":""},"class_list":["post-102","page","type-page","status-publish","hentry"],"_links":{"self":[{"href":"https:\/\/stowarzyszenie-rozwienica.pl\/index.php?rest_route=\/wp\/v2\/pages\/102","targetHints":{"allow":["GET"]}}],"collection":[{"href":"https:\/\/stowarzyszenie-rozwienica.pl\/index.php?rest_route=\/wp\/v2\/pages"}],"about":[{"href":"https:\/\/stowarzyszenie-rozwienica.pl\/index.php?rest_route=\/wp\/v2\/types\/page"}],"author":[{"embeddable":true,"href":"https:\/\/stowarzyszenie-rozwienica.pl\/index.php?rest_route=\/wp\/v2\/users\/1"}],"replies":[{"embeddable":true,"href":"https:\/\/stowarzyszenie-rozwienica.pl\/index.php?rest_route=%2Fwp%2Fv2%2Fcomments&post=102"}],"version-history":[{"count":10,"href":"https:\/\/stowarzyszenie-rozwienica.pl\/index.php?rest_route=\/wp\/v2\/pages\/102\/revisions"}],"predecessor-version":[{"id":269,"href":"https:\/\/stowarzyszenie-rozwienica.pl\/index.php?rest_route=\/wp\/v2\/pages\/102\/revisions\/269"}],"wp:attachment":[{"href":"https:\/\/stowarzyszenie-rozwienica.pl\/index.php?rest_route=%2Fwp%2Fv2%2Fmedia&parent=102"}],"curies":[{"name":"wp","href":"https:\/\/api.w.org\/{rel}","templated":true}]}}